{"id":2824,"date":"2025-06-26T09:30:34","date_gmt":"2025-06-26T13:30:34","guid":{"rendered":"https:\/\/luckymotosrl.com\/?post_type=product&#038;p=2824"},"modified":"2025-11-29T20:54:02","modified_gmt":"2025-11-30T00:54:02","slug":"aventura-en-zipline-en-el-valle","status":"publish","type":"product","link":"https:\/\/luckymotosrl.com\/en\/producto\/aventura-en-zipline-en-el-valle\/","title":{"rendered":"Zipline Adventure in El Valle from $100"},"content":{"rendered":"<p><strong>Duration:<\/strong> Medio d\u00eda<br \/>\n<strong>Departure:<\/strong> 09:30 AM<\/p>\n<p>Experience the thrill of flying through the mountains with this spectacular zip line experience in El Valle. With a total of 12 lines and 13 platforms, this adventure will take you through the rainforest over 100 meters high, with unique panoramic views of the landscapes of Saman\u00e1.<\/p>\n<p>Ideal for those seeking adrenaline in a safe natural environment, this activity is suitable for the whole family and is guided by a professional team that will be in charge of your safety in each section.<\/p>\n<p>Disfrutar\u00e1s de una sensaci\u00f3n \u00fanica mientras atraviesas el aire a gran velocidad \u2014 \u00a1como Tarz\u00e1n entre las copas de los \u00e1rboles!<\/p>\n<h4><strong>\ud83d\udd0e Includes:<\/strong><\/h4>\n<ul>\n<li>Private guide<\/li>\n<li>Access to the complete circuit of 12 cables and 13 stations<\/li>\n<li>Certified safety equipment<\/li>\n<li>Roundtrip transportation from Las Terrenas<\/li>\n<li>Tourist insurance<\/li>\n<\/ul>\n<h4><strong>\ud83c\udf92 What to bring?<\/strong><\/h4>\n<ul>\n<li>Closed tennis shoes (required)<\/li>\n<li>Comfortable clothing<\/li>\n<li>Cap or hat<\/li>\n<li>Sunscreen<\/li>\n<li>Action camera (optional)<\/li>\n<\/ul>\n<h4><strong>\ud83c\udf0d Languages:<\/strong><\/h4>\n<p>Spanish, English, Italian and French<\/p>\n<h4><strong>\ud83d\udccd Meeting place:<\/strong><\/h4>\n<p>From our office in Las Ballenas or from your hotel (consult additional cost if applicable).<\/p>\n<h4><strong>\ud83d\udcc5 Reservations:<\/strong><\/h4>\n<p>Book your tour through the website or directly at the store, we do not sell tours on the street.<\/p>\n<h4><strong>\u274c Cancellation and rescheduling policy:<\/strong><\/h4>\n<p><strong>Cancellation:<\/strong><\/p>\n<ul>\n<li>More than 30 days before: 80% refund<\/li>\n<li>Between 29 and 10 days before: 40% refund<\/li>\n<li>Between 9 and 3 days before: 25% reimbursement<\/li>\n<li>Less than 48 hours before: no refund<\/li>\n<\/ul>\n<p><strong>Reprogramming:<\/strong><br \/>\nUp to 48 hours before the reservation time.<\/p>","protected":false},"excerpt":{"rendered":"<p>Feel the adrenaline flying between mountains in El Valle with 12 zip lines and spectacular views. A safe and exciting adventure, ideal for the whole family, with transportation included from Las Terrenas.<\/p>\n<p><strong>Children between 2 and 10 years old pay a reduced rate.<\/strong><\/p>","protected":false},"featured_media":2837,"template":"","meta":{"site-sidebar-layout":"default","site-content-layout":"","ast-site-content-layout":"default","site-content-style":"default","site-sidebar-style":"default","ast-global-header-display":"","ast-banner-title-visibility":"","ast-main-header-display":"","ast-hfb-above-header-display":"","ast-hfb-below-header-display":"","ast-hfb-mobile-header-display":"","site-post-title":"","ast-breadcrumbs-content":"","ast-featured-img":"","footer-sml-layout":"","ast-disable-related-posts":"","theme-transparent-header-meta":"default","adv-header-id-meta":"","stick-header-meta":"default","header-above-stick-meta":"","header-main-stick-meta":"","header-below-stick-meta":"","astra-migrate-meta-layouts":"set","ast-page-background-enabled":"default","ast-page-background-meta":{"desktop":{"background-color":"var(--ast-global-color-4)","background-image":"","background-repeat":"repeat","background-position":"center center","background-size":"auto","background-attachment":"scroll","background-type":"","background-media":"","overlay-type":"","overlay-color":"","overlay-opacity":"","overlay-gradient":""},"tablet":{"background-color":"","background-image":"","background-repeat":"repeat","background-position":"center center","background-size":"auto","background-attachment":"scroll","background-type":"","background-media":"","overlay-type":"","overlay-color":"","overlay-opacity":"","overlay-gradient":""},"mobile":{"background-color":"","background-image":"","background-repeat":"repeat","background-position":"center center","background-size":"auto","background-attachment":"scroll","background-type":"","background-media":"","overlay-type":"","overlay-color":"","overlay-opacity":"","overlay-gradient":""}},"ast-content-background-meta":{"desktop":{"background-color":"var(--ast-global-color-5)","background-image":"","background-repeat":"repeat","background-position":"center center","background-size":"auto","background-attachment":"scroll","background-type":"","background-media":"","overlay-type":"","overlay-color":"","overlay-opacity":"","overlay-gradient":""},"tablet":{"background-color":"var(--ast-global-color-5)","background-image":"","background-repeat":"repeat","background-position":"center center","background-size":"auto","background-attachment":"scroll","background-type":"","background-media":"","overlay-type":"","overlay-color":"","overlay-opacity":"","overlay-gradient":""},"mobile":{"background-color":"var(--ast-global-color-5)","background-image":"","background-repeat":"repeat","background-position":"center center","background-size":"auto","background-attachment":"scroll","background-type":"","background-media":"","overlay-type":"","overlay-color":"","overlay-opacity":"","overlay-gradient":""}}},"product_brand":[],"product_cat":[36],"product_tag":[],"class_list":{"0":"post-2824","1":"product","2":"type-product","3":"status-publish","4":"has-post-thumbnail","6":"product_cat-tours","7":"desktop-align-left","8":"tablet-align-left","9":"mobile-align-left","10":"ast-product-gallery-layout-horizontal-slider","11":"ast-product-tabs-layout-horizontal","13":"first","14":"instock","15":"virtual","16":"sold-individually","17":"purchasable","18":"product-type-simple"},"_links":{"self":[{"href":"https:\/\/luckymotosrl.com\/en\/wp-json\/wp\/v2\/product\/2824","targetHints":{"allow":["GET"]}}],"collection":[{"href":"https:\/\/luckymotosrl.com\/en\/wp-json\/wp\/v2\/product"}],"about":[{"href":"https:\/\/luckymotosrl.com\/en\/wp-json\/wp\/v2\/types\/product"}],"wp:featuredmedia":[{"embeddable":true,"href":"https:\/\/luckymotosrl.com\/en\/wp-json\/wp\/v2\/media\/2837"}],"wp:attachment":[{"href":"https:\/\/luckymotosrl.com\/en\/wp-json\/wp\/v2\/media?parent=2824"}],"wp:term":[{"taxonomy":"product_brand","embeddable":true,"href":"https:\/\/luckymotosrl.com\/en\/wp-json\/wp\/v2\/product_brand?post=2824"},{"taxonomy":"product_cat","embeddable":true,"href":"https:\/\/luckymotosrl.com\/en\/wp-json\/wp\/v2\/product_cat?post=2824"},{"taxonomy":"product_tag","embeddable":true,"href":"https:\/\/luckymotosrl.com\/en\/wp-json\/wp\/v2\/product_tag?post=2824"}],"curies":[{"name":"wp","href":"https:\/\/api.w.org\/{rel}","templated":true}]}}