{"id":2489,"date":"2025-06-03T16:18:48","date_gmt":"2025-06-03T16:18:48","guid":{"rendered":"https:\/\/luckymotosrl.com\/?post_type=product&#038;p=2489"},"modified":"2025-11-29T20:53:42","modified_gmt":"2025-11-30T00:53:42","slug":"playa-ermitano","status":"publish","type":"product","link":"https:\/\/luckymotosrl.com\/en\/producto\/playa-ermitano\/","title":{"rendered":"Ermita\u00f1o Beach from $95"},"content":{"rendered":"<p><strong>Duration:<\/strong> 8 hours<br \/>\n<strong>Departure:<\/strong> 8 AM (every day)<\/p>\n<p>Immerse yourself in the unspoiled beauty of Playa Ermita\u00f1o, one of the region's hidden gems. Begin your adventure with a comfortable transfer to Mor\u00f3n and from there, embark on a boat ride to the beach, with its white sand and crystal clear waters. Enjoy a delicious lunch on the beach while you relax and soak up the Caribbean atmosphere.<\/p>\n<p><strong>\ud83d\udc49 Important: A minimum of 6 people is required for the excursion.<\/strong><\/p>\n<p>A private Lucky Moto guide will accompany you throughout the experience to ensure safety and fun at all times.<\/p>\n<h4><strong>\ud83d\udd0e Includes:<\/strong><\/h4>\n<ul>\n<li>Private guide<\/li>\n<li>Transportation to and from Mor\u00f3n by vehicle<\/li>\n<li>Boat transfer (with life jacket) round trip from Mor\u00f3n to Ermita\u00f1o Beach.<\/li>\n<li>Food and drink on the beach<\/li>\n<li>Tourist insurance<\/li>\n<\/ul>\n<h4><strong>\ud83c\udf92 What to bring?<\/strong><\/h4>\n<ul>\n<li>Comfortable clothing<\/li>\n<li>Sunscreen<\/li>\n<li>Sunglasses<\/li>\n<li>Cap<\/li>\n<li>Swimsuit<\/li>\n<\/ul>\n<h4><strong>\ud83c\udf0d Languages:<\/strong><\/h4>\n<p>Spanish, English, Italian and French<\/p>\n<h4><strong>\ud83d\udccd Meeting place:<\/strong><\/h4>\n<p>From our office in Las Ballenas or from your hotel in Las Terrenas (consult additional cost if applicable).<\/p>\n<h4><strong>\ud83d\udcc5 Reservations:<\/strong><\/h4>\n<p>Book the tour through the website or directly at the store, we do not sell tours on the street.<\/p>\n<h4><strong>\u274c Cancellation and rescheduling policy:<\/strong><\/h4>\n<p><strong>Cancellation:<\/strong><\/p>\n<ul>\n<li>More than 30 days before: 80% refund<\/li>\n<li>Between 29 and 10 days before: 40% refund<\/li>\n<li>Between 9 and 3 days before: 25% reimbursement<\/li>\n<li>Less than 48 hours before: no refund<\/li>\n<\/ul>\n<p><strong>Reprogramming:<\/strong><\/p>\n<p>Up to 48 hours before the reservation time.<\/p>","protected":false},"excerpt":{"rendered":"<p>Discover the virgin beauty of Ermita\u00f1o Beach in an unforgettable tour. Transfer to Mor\u00f3n and set sail by boat to enjoy white sand, crystal clear waters and a delicious lunch at Ermita\u00f1o Beach. Ideal to relax and connect with nature.<\/p>\n<p><strong>Children between 2 and 10 years old pay a reduced rate.<\/strong><\/p>","protected":false},"featured_media":2561,"template":"","meta":{"site-sidebar-layout":"default","site-content-layout":"","ast-site-content-layout":"default","site-content-style":"default","site-sidebar-style":"default","ast-global-header-display":"","ast-banner-title-visibility":"","ast-main-header-display":"","ast-hfb-above-header-display":"","ast-hfb-below-header-display":"","ast-hfb-mobile-header-display":"","site-post-title":"","ast-breadcrumbs-content":"","ast-featured-img":"","footer-sml-layout":"","ast-disable-related-posts":"","theme-transparent-header-meta":"default","adv-header-id-meta":"","stick-header-meta":"default","header-above-stick-meta":"","header-main-stick-meta":"","header-below-stick-meta":"","astra-migrate-meta-layouts":"set","ast-page-background-enabled":"default","ast-page-background-meta":{"desktop":{"background-color":"var(--ast-global-color-4)","background-image":"","background-repeat":"repeat","background-position":"center center","background-size":"auto","background-attachment":"scroll","background-type":"","background-media":"","overlay-type":"","overlay-color":"","overlay-opacity":"","overlay-gradient":""},"tablet":{"background-color":"","background-image":"","background-repeat":"repeat","background-position":"center center","background-size":"auto","background-attachment":"scroll","background-type":"","background-media":"","overlay-type":"","overlay-color":"","overlay-opacity":"","overlay-gradient":""},"mobile":{"background-color":"","background-image":"","background-repeat":"repeat","background-position":"center center","background-size":"auto","background-attachment":"scroll","background-type":"","background-media":"","overlay-type":"","overlay-color":"","overlay-opacity":"","overlay-gradient":""}},"ast-content-background-meta":{"desktop":{"background-color":"var(--ast-global-color-5)","background-image":"","background-repeat":"repeat","background-position":"center center","background-size":"auto","background-attachment":"scroll","background-type":"","background-media":"","overlay-type":"","overlay-color":"","overlay-opacity":"","overlay-gradient":""},"tablet":{"background-color":"var(--ast-global-color-5)","background-image":"","background-repeat":"repeat","background-position":"center center","background-size":"auto","background-attachment":"scroll","background-type":"","background-media":"","overlay-type":"","overlay-color":"","overlay-opacity":"","overlay-gradient":""},"mobile":{"background-color":"var(--ast-global-color-5)","background-image":"","background-repeat":"repeat","background-position":"center center","background-size":"auto","background-attachment":"scroll","background-type":"","background-media":"","overlay-type":"","overlay-color":"","overlay-opacity":"","overlay-gradient":""}}},"product_brand":[],"product_cat":[36],"product_tag":[],"class_list":{"0":"post-2489","1":"product","2":"type-product","3":"status-publish","4":"has-post-thumbnail","6":"product_cat-tours","7":"desktop-align-left","8":"tablet-align-left","9":"mobile-align-left","10":"ast-product-gallery-layout-horizontal-slider","11":"ast-product-tabs-layout-horizontal","13":"first","14":"instock","15":"virtual","16":"sold-individually","17":"purchasable","18":"product-type-simple"},"_links":{"self":[{"href":"https:\/\/luckymotosrl.com\/en\/wp-json\/wp\/v2\/product\/2489","targetHints":{"allow":["GET"]}}],"collection":[{"href":"https:\/\/luckymotosrl.com\/en\/wp-json\/wp\/v2\/product"}],"about":[{"href":"https:\/\/luckymotosrl.com\/en\/wp-json\/wp\/v2\/types\/product"}],"wp:featuredmedia":[{"embeddable":true,"href":"https:\/\/luckymotosrl.com\/en\/wp-json\/wp\/v2\/media\/2561"}],"wp:attachment":[{"href":"https:\/\/luckymotosrl.com\/en\/wp-json\/wp\/v2\/media?parent=2489"}],"wp:term":[{"taxonomy":"product_brand","embeddable":true,"href":"https:\/\/luckymotosrl.com\/en\/wp-json\/wp\/v2\/product_brand?post=2489"},{"taxonomy":"product_cat","embeddable":true,"href":"https:\/\/luckymotosrl.com\/en\/wp-json\/wp\/v2\/product_cat?post=2489"},{"taxonomy":"product_tag","embeddable":true,"href":"https:\/\/luckymotosrl.com\/en\/wp-json\/wp\/v2\/product_tag?post=2489"}],"curies":[{"name":"wp","href":"https:\/\/api.w.org\/{rel}","templated":true}]}}