{"id":3,"date":"2024-08-08T18:46:49","date_gmt":"2024-08-08T18:46:49","guid":{"rendered":"http:\/\/luckymotosrl.com\/?page_id=3"},"modified":"2025-09-03T16:49:28","modified_gmt":"2025-09-03T20:49:28","slug":"legal","status":"publish","type":"page","link":"https:\/\/luckymotosrl.com\/en\/legal\/","title":{"rendered":"Legal"},"content":{"rendered":"<div style=\"height:50px\" aria-hidden=\"true\" class=\"wp-block-spacer\"><\/div>\n\n\n\n<h3 class=\"wp-block-heading\">Pol\u00edtica de Privacidad<\/h3>\n\n\n\n<p>LUCKY MOTO SRL te informa sobre su Pol\u00edtica de Privacidad respecto del tratamiento y protecci\u00f3n de los datos de car\u00e1cter personal de los usuarios y clientes que puedan ser recabados por la navegaci\u00f3n o contrataci\u00f3n de servicios a trav\u00e9s del sitio web www.luckymotosrl.com<\/p>\n\n\n\n<p>En este sentido, el Titular garantiza el cumplimiento de la normativa vigente en materia de protecci\u00f3n de datos personales, reflejada en la Ley Org\u00e1nica 3\/2018, de 5 de diciembre, de Protecci\u00f3n de Datos Personales y de Garant\u00eda de Derechos Digitales (LOPD GDD). Cumple tambi\u00e9n con el Reglamento (UE) 2016\/679 del Parlamento Europeo y del Consejo de 27 de abril de 2016 relativo a la protecci\u00f3n de las personas f\u00edsicas (RGPD).<\/p>\n\n\n\n<p>El uso de sitio web implica la aceptaci\u00f3n de esta Pol\u00edtica de Privacidad as\u00ed como las condiciones incluidas en el Aviso Legal.<\/p>\n\n\n\n<h3 class=\"wp-block-heading\">Identidad del responsable<\/h3>\n\n\n\n<p>\u2022 Titular: LUCKY MOTO SRL<br>\u2022 RNC: 1-3-280733-2<br>\u2022 Domicilio: Calle Francisco Alberto Caama\u00f1o De\u00f1\u00f3, Las Terrenas, Saman\u00e1, Rep\u00fablica Dominicana<br>\u2022 Correo electr\u00f3nico: luckymotosrl@gmail.com<br>\u2022 Sitio Web: www.luckymotosrl.com<\/p>\n\n\n\n<h3 class=\"wp-block-heading\">En el tratamiento de tus datos personales, el Titular aplicar\u00e1 los siguientes principios de protecci\u00f3n de datos:<\/h3>\n\n\n\n<p>\u2022&nbsp;Principio de licitud, lealtad y transparencia: El Titular siempre requerir\u00e1 el consentimiento para el tratamiento de tus datos personales que puede ser para uno o varios fines espec\u00edficos sobre los que te informar\u00e1 previamente con absoluta transparencia.<br>\u2022&nbsp;Principio de minimizaci\u00f3n de datos: El Titular te solicitar\u00e1 solo los datos estrictamente necesarios para el fin o los fines que los solicita.<br>\u2022&nbsp;Principio de limitaci\u00f3n del plazo de conservaci\u00f3n: Los datos se mantendr\u00e1n durante el tiempo estrictamente necesario para el fin o los fines del tratamiento.&nbsp;El Titular te informar\u00e1 del plazo de conservaci\u00f3n correspondiente seg\u00fan la finalidad. En el caso de suscripciones, el Titular revisar\u00e1 peri\u00f3dicamente las listas y eliminar\u00e1 aquellos registros inactivos durante un tiempo considerable.<br>\u2022&nbsp;Principio de integridad y confidencialidad: Tus datos ser\u00e1n tratados de tal manera que su seguridad, confidencialidad e integridad est\u00e9 garantizada. Debes saber que el Titular toma las precauciones necesarias para evitar el acceso no autorizado o uso indebido de los datos de sus usuarios por parte de terceros.<\/p>\n\n\n\n<h3 class=\"wp-block-heading\">Obtenci\u00f3n de datos personales<\/h3>\n\n\n\n<p>Para navegar por www.luckymotosrl.com no es necesario que facilites ning\u00fan dato personal.<\/p>\n\n\n\n<h3 class=\"wp-block-heading\">Pol\u00edticas de Seguridad<\/h3>\n\n\n\n<h4 class=\"wp-block-heading\">Website<\/h4>\n\n\n\n<p>Tomamos todas las medidas y precauciones razonables para proteger tu informaci\u00f3n personal y seguimos las mejores pr\u00e1cticas de la industria para asegurar que tu informaci\u00f3n no sea utilizada de manera inapropiada, alterada o destruida.<\/p>\n\n\n\n<p>Ciframos la informaci\u00f3n de tu tarjeta de cr\u00e9dito utilizando la tecnolog\u00eda de capa de puertos seguros o Secur Sockets Layer (SSL), y la almacenamos con el cifrado AES-256. Tambi\u00e9n, seguimos todos los requerimientos del PCI-DSS.<\/p>\n\n\n\n<h4 class=\"wp-block-heading\">Pagos<\/h4>\n\n\n\n<p>Los m\u00e9todos de pago utilizados por Lucky Moto SRL son servicios de terceros. Estos servicios de terceros (AZUL), cumplen con todos los est\u00e1ndares de seguridad y cifrado para mantener tu informaci\u00f3n segura. Solo utilizar\u00e1n la informaci\u00f3n necesaria para completar el proceso requerido. Tambi\u00e9n recomendamos leer las Pol\u00edticas de Privacidad de estos proveedores, para entender mejor c\u00f3mo manejan la informaci\u00f3n suministrada.<\/p>\n\n\n\n<h3 class=\"wp-block-heading\">Tus derechos<\/h3>\n\n\n\n<p>El Titular te informa que sobre tus datos personales tienes derecho a:<\/p>\n\n\n\n<p>\u2022 Solicitar el acceso a los datos almacenados.<br>\u2022&nbsp;Solicitar una rectificaci\u00f3n o la cancelaci\u00f3n.<br>\u2022&nbsp;Solicitar la limitaci\u00f3n de su tratamiento.<br>\u2022&nbsp;Oponerte al tratamiento.<br>\u2022&nbsp;Solicitar la portabilidad de tus datos.<\/p>\n\n\n\n<p>El ejercicio de estos derechos es personal y por tanto debe ser ejercido directamente por el interesado, solicit\u00e1ndolo directamente al Titular, lo que significa que cualquier cliente, suscriptor o colaborador que haya facilitado sus datos en alg\u00fan momento puede dirigirse al Titular y pedir informaci\u00f3n sobre los datos que tiene almacenados y c\u00f3mo los ha obtenido, solicitar la rectificaci\u00f3n de los mismos, solicitar la portabilidad de sus datos personales, oponerse al tratamiento, limitar su uso o solicitar la cancelaci\u00f3n de esos datos en los ficheros del Titular.<\/p>\n\n\n\n<p>Para ejercitar tus derechos de acceso, rectificaci\u00f3n, cancelaci\u00f3n, portabilidad y oposici\u00f3n tienes que enviar un correo electr\u00f3nico a luckymotosrl@gmail.com junto con la prueba v\u00e1lida en derecho como una fotocopia del D.N.I. o equivalente.<\/p>\n\n\n\n<h3 class=\"wp-block-heading\">Finalidad del tratamiento de datos personales<\/h3>\n\n\n\n<p>Cuando te conectas al sitio Web para mandar un correo al Titular, te suscribes a su bolet\u00edn o realizas una contrataci\u00f3n, est\u00e1s facilitando informaci\u00f3n de car\u00e1cter personal de la que el responsable es el Titular. Esta informaci\u00f3n puede incluir datos de car\u00e1cter personal como pueden ser tu direcci\u00f3n IP, nombre y apellidos, direcci\u00f3n f\u00edsica, direcci\u00f3n de correo electr\u00f3nico, n\u00famero de tel\u00e9fono, y otra informaci\u00f3n. Al facilitar esta informaci\u00f3n, das tu consentimiento para que tu informaci\u00f3n sea recopilada, utilizada, gestionada y almacenada por superadmin.es , s\u00f3lo como se describe en el Aviso Legal y en la presente Pol\u00edtica de Privacidad.<\/p>\n\n\n\n<p>Existen otras finalidades por las que el Titular trata tus datos personales:<\/p>\n\n\n\n<p>\u2022 Para garantizar el cumplimiento de las condiciones recogidas en el Aviso Legal y en la ley aplicable. Esto puede incluir el desarrollo de herramientas y algoritmos que ayuden a este sitio Web a garantizar la confidencialidad de los datos personales que recoge.<br>\u2022&nbsp;Para apoyar y mejorar los servicios que ofrece este sitio Web.<br>\u2022&nbsp;Para analizar la navegaci\u00f3n. El Titular recoge otros datos no identificativos que se obtienen mediante el uso de cookies que se descargan en tu ordenador cuando navegas por el sitio Web cuyas caracter\u00edsticas y finalidad est\u00e1n detalladas en la Pol\u00edtica de Cookies.<br>\u2022&nbsp;Para gestionar las redes sociales. el Titular tiene presencia en redes sociales. Si te haces seguidor en las redes sociales del Titular el tratamiento de los datos personales se regir\u00e1 por este apartado, as\u00ed como por aquellas condiciones de uso, pol\u00edticas de privacidad y normativas de acceso que pertenezcan a la red social que proceda en cada caso y que has aceptado previamente.<\/p>\n\n\n\n<p>Puedes consultar las pol\u00edticas de privacidad de las principales redes sociales:<\/p>\n\n\n\n<p>\u2022 Facebook<br>\u2022&nbsp;YouTube<br>\u2022&nbsp;Instagram<\/p>\n\n\n\n<p>El Titular tratar\u00e1 tus datos personales con la finalidad de administrar correctamente su presencia en la red social, informarte de sus actividades, productos o servicios, as\u00ed como para cualquier otra finalidad que las normativas de las redes sociales permitan.<\/p>\n\n\n\n<p>En ning\u00fan caso el Titular utilizar\u00e1 los perfiles de seguidores en redes sociales para enviar publicidad de manera individual.<\/p>\n\n\n\n<h3 class=\"wp-block-heading\">Seguridad de los datos personales<\/h3>\n\n\n\n<p>Para proteger tus datos personales, el Titular toma todas las precauciones razonables y sigue las mejores pr\u00e1cticas de la industria para evitar su p\u00e9rdida, mal uso, acceso indebido, divulgaci\u00f3n, alteraci\u00f3n o destrucci\u00f3n de los mismos.<\/p>\n\n\n\n<p>El sitio Web est\u00e1 alojado en Hostinger.com. La seguridad de tus datos est\u00e1 garantizada, ya que toman todas las medidas de seguridad necesarias para ello. Puedes consultar su pol\u00edtica de privacidad para tener m\u00e1s informaci\u00f3n.<\/p>\n\n\n\n<h3 class=\"wp-block-heading\">Contenido de otros sitios web<\/h3>\n\n\n\n<p>Las p\u00e1ginas de este sitio Web pueden incluir contenido incrustado (por ejemplo, v\u00eddeos, im\u00e1genes, art\u00edculos, etc.). El contenido incrustado de otras web se comporta exactamente de la misma manera que si hubieras visitado la otra web.<\/p>\n\n\n\n<p>Estos sitios Web pueden recopilar datos sobre ti, utilizar cookies, incrustar un c\u00f3digo de seguimiento adicional de terceros, y supervisar tu interacci\u00f3n usando este c\u00f3digo.<\/p>\n\n\n\n<h3 class=\"wp-block-heading\">Pol\u00edtica de Cookies<\/h3>\n\n\n\n<p>Para que este sitio Web funcione correctamente necesita utilizar cookies, que es una informaci\u00f3n que se almacena en tu navegador web.&nbsp;En la p\u00e1gina Pol\u00edtica de Cookies puedes consultar toda la informaci\u00f3n relativa a la pol\u00edtica de recogida, la finalidad y el tratamiento de las cookies.<\/p>\n\n\n\n<h3 class=\"wp-block-heading\">Legitimaci\u00f3n para el tratamiento de datos<\/h3>\n\n\n\n<p>La base legal para el tratamiento de tus datos es: el consentimiento.&nbsp;Para contactar con el Titular, suscribirte a un bolet\u00edn o realizar comentarios en este sitio Web tienes que aceptar la presente Pol\u00edtica de Privacidad.<\/p>\n\n\n\n<h3 class=\"wp-block-heading\">Categor\u00edas de datos personales<\/h3>\n\n\n\n<p>Las categor\u00edas de datos personales que trata el Titular son:<\/p>\n\n\n\n<p>\u2022 Datos identificativos.<\/p>\n\n\n\n<h3 class=\"wp-block-heading\">Conservaci\u00f3n de datos personales<\/h3>\n\n\n\n<p>Los datos personales que proporciones al Titular se conservar\u00e1n hasta que solicites su supresi\u00f3n.<\/p>\n\n\n\n<h3 class=\"wp-block-heading\">Destinatarios de datos personales<\/h3>\n\n\n\n<p>\u2022 Google Analytics es un servicio de anal\u00edtica web prestado por Google, Inc., una compa\u00f1\u00eda de Delaware cuya oficina principal est\u00e1 en 1600 Amphitheatre Parkway, Mountain View (California), CA 94043, Estados Unidos (\u201cGoogle\u201d). Encontrar\u00e1s m\u00e1s informaci\u00f3n en: https:\/\/analytics.google.com<\/p>\n\n\n\n<p>Google Analytics utiliza \u201ccookies\u201d, que son archivos de texto ubicados en tu ordenador, para ayudar al Titular a analizar el uso que hacen los usuarios del sitio Web. La informaci\u00f3n que genera la cookie acerca del uso del sitio Web (incluyendo tu direcci\u00f3n IP) ser\u00e1 directamente transmitida y archivada por Google en los servidores de Estados Unidos.<\/p>\n\n\n\n<p>Tambi\u00e9n puedes ver una lista de los tipos de cookies que utiliza Google y sus colaboradores y toda la informaci\u00f3n relativa al uso que hacen de cookies publicitarias.<\/p>\n\n\n\n<h3 class=\"wp-block-heading\">Navegaci\u00f3n Web<\/h3>\n\n\n\n<p>Al navegar por www.luckymotosrl.com se pueden recoger datos no identificativos, que pueden incluir, la direcci\u00f3n IP, geolocalizaci\u00f3n, un registro de c\u00f3mo se utilizan los servicios y sitios, h\u00e1bitos de navegaci\u00f3n y otros datos que no pueden ser utilizados para identificarte.<\/p>\n\n\n\n<p>El sitio Web utiliza los siguientes servicios de an\u00e1lisis de terceros:<\/p>\n\n\n\n<p>\u2022 Google Analytics<\/p>\n\n\n\n<p>El Titular utiliza la informaci\u00f3n obtenida para obtener datos estad\u00edsticos, analizar tendencias, administrar el sitio, estudiar patrones de navegaci\u00f3n y para recopilar informaci\u00f3n demogr\u00e1fica.<\/p>\n\n\n\n<h3 class=\"wp-block-heading\">Exactitud y veracidad de los datos personales<\/h3>\n\n\n\n<p>Te comprometes a que los datos facilitados al Titular sean correctos, completos, exactos y vigentes, as\u00ed como a mantenerlos debidamente actualizados.&nbsp;Como Usuario del sitio Web eres el \u00fanico responsable de la veracidad y correcci\u00f3n de los datos que remitas al sitio exonerando a el Titular de cualquier responsabilidad al respecto.<\/p>\n\n\n\n<h3 class=\"wp-block-heading\">Aceptaci\u00f3n y consentimiento<\/h3>\n\n\n\n<p>Como Usuario del sitio Web declaras haber sido informado de las condiciones sobre protecci\u00f3n de datos de car\u00e1cter personal, aceptas y consientes el tratamiento de los mismos por parte de el Titular en la forma y para las finalidades indicadas en esta Pol\u00edtica de Privacidad.<\/p>\n\n\n\n<h3 class=\"wp-block-heading\">Revocabilidad<\/h3>\n\n\n\n<p>Para ejercitar tus derechos de acceso, rectificaci\u00f3n, cancelaci\u00f3n, portabilidad y oposici\u00f3n tienes que enviar un correo electr\u00f3nico a luckymotosrl@gmail.com junto con la prueba v\u00e1lida en derecho como una fotocopia del D.N.I. o equivalente.&nbsp;El ejercicio de tus derechos no incluye ning\u00fan dato que el Titular est\u00e9 obligado a conservar con fines administrativos, legales o de seguridad.<\/p>\n\n\n\n<h3 class=\"wp-block-heading\">Cambios en la Pol\u00edtica de Privacidad<\/h3>\n\n\n\n<p>El Titular se reserva el derecho a modificar la presente Pol\u00edtica de Privacidad para adaptarla a novedades legislativas o jurisprudenciales, as\u00ed como a pr\u00e1cticas de la industria.<\/p>\n\n\n\n<p>Estas pol\u00edticas estar\u00e1n vigentes hasta que sean modificadas por otras debidamente publicadas.<\/p>\n\n\n\n<h3 class=\"wp-block-heading\">Declaraci\u00f3n de accesibilidad<\/h3>\n\n\n\n<p>Esta web es accesible.&nbsp;El sitio web www.luckymotosrl.com ha sido dise\u00f1ado y programado siguiendo las pautas de la iniciativa WCAG 2.0 (Web Content Accessibility Guidelines 2.0, http:\/\/www.w3.org\/TR\/WCAG20\/ ), que marca unos est\u00e1ndares internacionales en la creaci\u00f3n de contenidos webs accesibles a todo el mundo.<\/p>\n\n\n\n<p>Si se halla alguna dificultad a la hora de acceder o visualizar informaci\u00f3n en este sitio web, o existe alguna sugerencia para la mejora de la accesibilidad en alg\u00fan aspecto, este es el correo electr\u00f3nico de contacto: luckymotosrl@gmail.com<\/p>","protected":false},"excerpt":{"rendered":"<p>Pol\u00edtica de Privacidad LUCKY MOTO SRL te informa sobre su Pol\u00edtica de Privacidad respecto del tratamiento y protecci\u00f3n de los [&hellip;]<\/p>\n","protected":false},"author":1,"featured_media":0,"parent":0,"menu_order":0,"comment_status":"closed","ping_status":"open","template":"","meta":{"site-sidebar-layout":"default","site-content-layout":"","ast-site-content-layout":"default","site-content-style":"default","site-sidebar-style":"default","ast-global-header-display":"","ast-banner-title-visibility":"","ast-main-header-display":"","ast-hfb-above-header-display":"","ast-hfb-below-header-display":"","ast-hfb-mobile-header-display":"","site-post-title":"","ast-breadcrumbs-content":"","ast-featured-img":"","footer-sml-layout":"","ast-disable-related-posts":"","theme-transparent-header-meta":"","adv-header-id-meta":"","stick-header-meta":"","header-above-stick-meta":"","header-main-stick-meta":"","header-below-stick-meta":"","astra-migrate-meta-layouts":"default","ast-page-background-enabled":"default","ast-page-background-meta":{"desktop":{"background-color":"var(--ast-global-color-4)","background-image":"","background-repeat":"repeat","background-position":"center center","background-size":"auto","background-attachment":"scroll","background-type":"","background-media":"","overlay-type":"","overlay-color":"","overlay-opacity":"","overlay-gradient":""},"tablet":{"background-color":"","background-image":"","background-repeat":"repeat","background-position":"center center","background-size":"auto","background-attachment":"scroll","background-type":"","background-media":"","overlay-type":"","overlay-color":"","overlay-opacity":"","overlay-gradient":""},"mobile":{"background-color":"","background-image":"","background-repeat":"repeat","background-position":"center center","background-size":"auto","background-attachment":"scroll","background-type":"","background-media":"","overlay-type":"","overlay-color":"","overlay-opacity":"","overlay-gradient":""}},"ast-content-background-meta":{"desktop":{"background-color":"var(--ast-global-color-5)","background-image":"","background-repeat":"repeat","background-position":"center center","background-size":"auto","background-attachment":"scroll","background-type":"","background-media":"","overlay-type":"","overlay-color":"","overlay-opacity":"","overlay-gradient":""},"tablet":{"background-color":"var(--ast-global-color-5)","background-image":"","background-repeat":"repeat","background-position":"center center","background-size":"auto","background-attachment":"scroll","background-type":"","background-media":"","overlay-type":"","overlay-color":"","overlay-opacity":"","overlay-gradient":""},"mobile":{"background-color":"var(--ast-global-color-5)","background-image":"","background-repeat":"repeat","background-position":"center center","background-size":"auto","background-attachment":"scroll","background-type":"","background-media":"","overlay-type":"","overlay-color":"","overlay-opacity":"","overlay-gradient":""}},"footnotes":""},"class_list":["post-3","page","type-page","status-publish","hentry"],"_links":{"self":[{"href":"https:\/\/luckymotosrl.com\/en\/wp-json\/wp\/v2\/pages\/3","targetHints":{"allow":["GET"]}}],"collection":[{"href":"https:\/\/luckymotosrl.com\/en\/wp-json\/wp\/v2\/pages"}],"about":[{"href":"https:\/\/luckymotosrl.com\/en\/wp-json\/wp\/v2\/types\/page"}],"author":[{"embeddable":true,"href":"https:\/\/luckymotosrl.com\/en\/wp-json\/wp\/v2\/users\/1"}],"replies":[{"embeddable":true,"href":"https:\/\/luckymotosrl.com\/en\/wp-json\/wp\/v2\/comments?post=3"}],"version-history":[{"count":0,"href":"https:\/\/luckymotosrl.com\/en\/wp-json\/wp\/v2\/pages\/3\/revisions"}],"wp:attachment":[{"href":"https:\/\/luckymotosrl.com\/en\/wp-json\/wp\/v2\/media?parent=3"}],"curies":[{"name":"wp","href":"https:\/\/api.w.org\/{rel}","templated":true}]}}