{"id":1927,"date":"2024-12-16T15:02:14","date_gmt":"2024-12-16T15:02:14","guid":{"rendered":"https:\/\/luckymotosrl.com\/?page_id=1927"},"modified":"2025-11-29T19:01:47","modified_gmt":"2025-11-29T23:01:47","slug":"quad-tours-form","status":"publish","type":"page","link":"https:\/\/luckymotosrl.com\/en\/quad-tours-form\/","title":{"rendered":"Quad Tours Form"},"content":{"rendered":"<div data-elementor-type=\"wp-page\" data-elementor-id=\"1927\" class=\"elementor elementor-1927\">\n\t\t\t\t<div class=\"elementor-element elementor-element-e4b966a e-flex e-con-boxed e-con e-parent\" data-id=\"e4b966a\" data-element_type=\"container\" data-e-type=\"container\">\n\t\t\t\t\t<div class=\"e-con-inner\">\n\t\t\t\t<div class=\"elementor-element elementor-element-bcc766d e-n-tabs-mobile elementor-widget elementor-widget-n-tabs\" data-id=\"bcc766d\" data-element_type=\"widget\" data-e-type=\"widget\" data-settings=\"{&quot;tabs_justify_horizontal&quot;:&quot;center&quot;,&quot;horizontal_scroll&quot;:&quot;disable&quot;}\" data-widget_type=\"nested-tabs.default\">\n\t\t\t\t<div class=\"elementor-widget-container\">\n\t\t\t\t\t\t\t<div class=\"e-n-tabs\" data-widget-number=\"197949037\" aria-label=\"Pesta\u00f1as. Abre elementos con Intro o Espacio, ci\u00e9rralos con Escape y navega con las fechas.\">\n\t\t\t<div class=\"e-n-tabs-heading\" role=\"tablist\">\n\t\t\t\t\t<button id=\"e-n-tab-title-1979490371\" data-tab-title-id=\"e-n-tab-title-1979490371\" class=\"e-n-tab-title\" aria-selected=\"true\" data-tab-index=\"1\" role=\"tab\" tabindex=\"0\" aria-controls=\"e-n-tab-content-1979490371\" style=\"--n-tabs-title-order: 1;\">\n\t\t\t\t\t\t<span class=\"e-n-tab-title-text\">\n\t\t\t\tSelect\t\t\t<\/span>\n\t\t<\/button>\n\t\t\t\t<button id=\"e-n-tab-title-1979490372\" data-tab-title-id=\"e-n-tab-title-1979490372\" class=\"e-n-tab-title\" aria-selected=\"false\" data-tab-index=\"2\" role=\"tab\" tabindex=\"-1\" aria-controls=\"e-n-tab-content-1979490372\" style=\"--n-tabs-title-order: 2;\">\n\t\t\t\t\t\t<span class=\"e-n-tab-title-text\">\n\t\t\t\tWhatsApp Form\t\t\t<\/span>\n\t\t<\/button>\n\t\t\t\t<button id=\"e-n-tab-title-1979490373\" data-tab-title-id=\"e-n-tab-title-1979490373\" class=\"e-n-tab-title\" aria-selected=\"false\" data-tab-index=\"3\" role=\"tab\" tabindex=\"-1\" aria-controls=\"e-n-tab-content-1979490373\" style=\"--n-tabs-title-order: 3;\">\n\t\t\t\t\t\t<span class=\"e-n-tab-title-text\">\n\t\t\t\tEmail Form\t\t\t<\/span>\n\t\t<\/button>\n\t\t\t\t\t<\/div>\n\t\t\t<div class=\"e-n-tabs-content\">\n\t\t\t\t<div id=\"e-n-tab-content-1979490371\" role=\"tabpanel\" aria-labelledby=\"e-n-tab-title-1979490371\" data-tab-index=\"1\" style=\"--n-tabs-title-order: 1;\" class=\"e-active elementor-element elementor-element-5c2cce0 e-con-full e-flex e-con e-child\" data-id=\"5c2cce0\" data-element_type=\"container\" data-e-type=\"container\">\n\t\t\t\t<\/div>\n\t\t<div id=\"e-n-tab-content-1979490372\" role=\"tabpanel\" aria-labelledby=\"e-n-tab-title-1979490372\" data-tab-index=\"2\" style=\"--n-tabs-title-order: 2;\" class=\"elementor-element elementor-element-f4e033d e-con-full e-flex e-con e-child\" data-id=\"f4e033d\" data-element_type=\"container\" data-e-type=\"container\">\n\t\t\t\t<div class=\"elementor-element elementor-element-10d369e elementor-widget elementor-widget-shortcode\" data-id=\"10d369e\" data-element_type=\"widget\" data-e-type=\"widget\" data-widget_type=\"shortcode.default\">\n\t\t\t\t<div class=\"elementor-widget-container\">\n\t\t\t\t\t\t\t<div class=\"elementor-shortcode\"><iframe src=\"https:\/\/whatsform.com\/9z_1ZT\"  width=\"100%\" height=\"1000\" frameborder=\"0\"><\/iframe><\/div>\n\t\t\t\t\t\t<\/div>\n\t\t\t\t<\/div>\n\t\t\t\t<\/div>\n\t\t<div id=\"e-n-tab-content-1979490373\" role=\"tabpanel\" aria-labelledby=\"e-n-tab-title-1979490373\" data-tab-index=\"3\" style=\"--n-tabs-title-order: 3;\" class=\"elementor-element elementor-element-4551854 e-flex e-con-boxed e-con e-child\" data-id=\"4551854\" data-element_type=\"container\" data-e-type=\"container\">\n\t\t\t\t\t<div class=\"e-con-inner\">\n\t\t\t\t<div class=\"elementor-element elementor-element-242f42f elementor-widget elementor-widget-shortcode\" data-id=\"242f42f\" data-element_type=\"widget\" data-e-type=\"widget\" data-widget_type=\"shortcode.default\">\n\t\t\t\t<div class=\"elementor-widget-container\">\n\t\t\t\t\t\t\t<div class=\"elementor-shortcode\">\n<div class=\"wpcf7 no-js\" id=\"wpcf7-f2016-o1\" lang=\"es-DO\" dir=\"ltr\" data-wpcf7-id=\"2016\">\n<div class=\"screen-reader-response\"><p role=\"status\" aria-live=\"polite\" aria-atomic=\"true\"><\/p> <ul><\/ul><\/div>\n<form action=\"\/en\/wp-json\/wp\/v2\/pages\/1927#wpcf7-f2016-o1\" method=\"post\" class=\"wpcf7-form init\" aria-label=\"Contact form\" novalidate=\"novalidate\" data-status=\"init\" data-trp-original-action=\"\/en\/wp-json\/wp\/v2\/pages\/1927#wpcf7-f2016-o1\">\n<fieldset class=\"hidden-fields-container\"><input type=\"hidden\" name=\"_wpcf7\" value=\"2016\" \/><input type=\"hidden\" name=\"_wpcf7_version\" value=\"6.1.5\" \/><input type=\"hidden\" name=\"_wpcf7_locale\" value=\"es_DO\" \/><input type=\"hidden\" name=\"_wpcf7_unit_tag\" value=\"wpcf7-f2016-o1\" \/><input type=\"hidden\" name=\"_wpcf7_container_post\" value=\"0\" \/><input type=\"hidden\" name=\"_wpcf7_posted_data_hash\" value=\"\" \/>\n<\/fieldset>\n<div style=\"display: flex; flex-wrap: wrap; justify-content: space-between; margin-bottom: -40px;\">\n\t<div style=\"width: 48%;\">\n\t\t<p><label> Excursion<br \/>\n<span class=\"wpcf7-form-control-wrap\" data-name=\"excursion\"><select class=\"wpcf7-form-control wpcf7-select wpcf7-validates-as-required\" aria-required=\"true\" aria-invalid=\"false\" name=\"excursion\"><option value=\"\">&#8212;Please choose an option&#8212;<\/option><option value=\"Ruta del caf\u00e9\">Coffee Route<\/option><option value=\"Ruta del cafe + Cascada del Lim\u00f3n\">Coffee Route + Limon Waterfall<\/option><option value=\"Ruta Punta Popy + Bonita + Cos\u00f3n\">Punta Popy + Bonita + Cos\u00f3n Route<\/option><\/select><\/span><br \/>\n<\/label>\n\t\t<\/p>\n\t<\/div>\n\t<div style=\"width: 48%;\">\n\t\t<p><label> Number of quads (ATVs)<br \/>\n<span class=\"wpcf7-form-control-wrap\" data-name=\"cantidad-quads\"><input class=\"wpcf7-form-control wpcf7-number wpcf7-validates-as-number\" min=\"0\" max=\"30\" aria-invalid=\"false\" value=\"\" type=\"number\" name=\"cantidad-quads\" \/><\/span><br \/>\n<\/label>\n\t\t<\/p>\n\t<\/div>\n<\/div>\n<div style=\"display: flex; flex-wrap: wrap; justify-content: space-between; margin-bottom: -40px;\">\n\t<div style=\"width: 48%;\">\n\t\t<p><label> Number of buggies (UTVs)<br \/>\n<span class=\"wpcf7-form-control-wrap\" data-name=\"cantidad-buggies\"><input class=\"wpcf7-form-control wpcf7-number wpcf7-validates-as-number\" min=\"0\" max=\"30\" aria-invalid=\"false\" value=\"\" type=\"number\" name=\"cantidad-buggies\" \/><\/span><br \/>\n<\/label>\n\t\t<\/p>\n\t<\/div>\n\t<div style=\"width: 48%;\">\n\t\t<p><label> Number of adults<br \/>\n<span class=\"wpcf7-form-control-wrap\" data-name=\"cantidad-adultos\"><input class=\"wpcf7-form-control wpcf7-number wpcf7-validates-as-required wpcf7-validates-as-number\" min=\"1\" max=\"30\" aria-required=\"true\" aria-invalid=\"false\" value=\"\" type=\"number\" name=\"cantidad-adultos\" \/><\/span><br \/>\n<\/label>\n\t\t<\/p>\n\t<\/div>\n<\/div>\n<div style=\"display: flex; flex-wrap: wrap; justify-content: space-between; margin-bottom: -40px;\">\n\t<div style=\"width: 48%;\">\n\t\t<p><label> Number of children<br \/>\n<span class=\"wpcf7-form-control-wrap\" data-name=\"cantidad-ninos\"><input class=\"wpcf7-form-control wpcf7-number wpcf7-validates-as-number\" min=\"0\" max=\"30\" aria-invalid=\"false\" value=\"\" type=\"number\" name=\"cantidad-ninos\" \/><\/span><br \/>\n<\/label>\n\t\t<\/p>\n\t<\/div>\n\t<div style=\"width: 48%;\">\n\t<\/div>\n<\/div>\n<div style=\"display: flex; flex-wrap: wrap; justify-content: space-between; margin-bottom: -40px;\">\n\t<div style=\"width: 48%;\">\n\t\t<p><label> Date<br \/>\n<span class=\"wpcf7-form-control-wrap\" data-name=\"fecha\"><input class=\"wpcf7-form-control wpcf7-date wpcf7-validates-as-required wpcf7-validates-as-date\" aria-required=\"true\" aria-invalid=\"false\" value=\"\" type=\"date\" name=\"fecha\" \/><\/span><br \/>\n<\/label>\n\t\t<\/p>\n\t<\/div>\n\t<div style=\"width: 48%;\">\n\t\t<p><label> Departure time<br \/>\n<span class=\"wpcf7-form-control-wrap\" data-name=\"horario-salida\"><select class=\"wpcf7-form-control wpcf7-select wpcf7-validates-as-required\" aria-required=\"true\" aria-invalid=\"false\" name=\"horario-salida\"><option value=\"\">&#8212;Please choose an option&#8212;<\/option><option value=\"9AM\">9AM<\/option><option value=\"9:30AM\">9:30AM<\/option><option value=\"2PM\">2PM<\/option><\/select><\/span><br \/>\n<\/label>\n\t\t<\/p>\n\t<\/div>\n<\/div>\n<div style=\"display: flex; flex-wrap: wrap; justify-content: space-between; margin-bottom: -40px;\">\n\t<div style=\"width: 48%;\">\n\t\t<p><label> Your Name<br \/>\n<span class=\"wpcf7-form-control-wrap\" data-name=\"su-nombre\"><input size=\"40\" maxlength=\"400\" class=\"wpcf7-form-control wpcf7-text wpcf7-validates-as-required\" autocomplete=\"nombre\" aria-required=\"true\" aria-invalid=\"false\" placeholder=\"Name\" value=\"\" type=\"text\" name=\"su-nombre\" \/><\/span><br \/>\n<\/label>\n\t\t<\/p>\n\t<\/div>\n\t<div style=\"width: 48%;\">\n\t\t<p><label> Your Email<br \/>\n<span class=\"wpcf7-form-control-wrap\" data-name=\"su-email\"><input size=\"40\" maxlength=\"400\" class=\"wpcf7-form-control wpcf7-text wpcf7-validates-as-required\" aria-required=\"true\" aria-invalid=\"false\" placeholder=\"Email\" value=\"\" type=\"text\" name=\"su-email\" \/><\/span> <\/label><br \/>\n\t\t<\/p>\n\t<\/div>\n<\/div>\n<p><label> Message<br \/>\n<span class=\"wpcf7-form-control-wrap\" data-name=\"mensaje\"><textarea cols=\"40\" rows=\"2\" maxlength=\"2000\" class=\"wpcf7-form-control wpcf7-textarea\" aria-invalid=\"false\" name=\"mensaje\"><\/textarea><\/span> <\/label>\n<\/p>\n<div style=\"margin-bottom: 1.2em;\">\n<\/div>\n<p><input class=\"wpcf7-form-control wpcf7-submit has-spinner\" type=\"submit\" value=\"Send\" \/>\n<\/p><div class=\"wpcf7-response-output\" aria-hidden=\"true\"><\/div>\n<input type=\"hidden\" name=\"trp-form-language\" value=\"en\"\/><\/form>\n<\/div>\n<\/div>\n\t\t\t\t\t\t<\/div>\n\t\t\t\t<\/div>\n\t\t\t\t\t<\/div>\n\t\t\t\t<\/div>\n\t\t\t\t\t<\/div>\n\t\t<\/div>\n\t\t\t\t\t\t<\/div>\n\t\t\t\t<\/div>\n\t\t\t\t\t<\/div>\n\t\t\t\t<\/div>\n\t\t\t\t<\/div>","protected":false},"excerpt":{"rendered":"<p>Seleccione Formulario WhatsApp Formulario Email Excursi\u00f3n &#8212;Please choose an option&#8212;Ruta del caf\u00e9Ruta del cafe + Cascada del Lim\u00f3nRuta Punta Popy [&hellip;]<\/p>\n","protected":false},"author":1,"featured_media":0,"parent":0,"menu_order":0,"comment_status":"closed","ping_status":"closed","template":"","meta":{"site-sidebar-layout":"no-sidebar","site-content-layout":"","ast-site-content-layout":"full-width-container","site-content-style":"default","site-sidebar-style":"default","ast-global-header-display":"","ast-banner-title-visibility":"","ast-main-header-display":"","ast-hfb-above-header-display":"","ast-hfb-below-header-display":"","ast-hfb-mobile-header-display":"","site-post-title":"","ast-breadcrumbs-content":"","ast-featured-img":"disabled","footer-sml-layout":"","ast-disable-related-posts":"","theme-transparent-header-meta":"","adv-header-id-meta":"","stick-header-meta":"","header-above-stick-meta":"","header-main-stick-meta":"","header-below-stick-meta":"","astra-migrate-meta-layouts":"default","ast-page-background-enabled":"default","ast-page-background-meta":{"desktop":{"background-color":"var(--ast-global-color-4)","background-image":"","background-repeat":"repeat","background-position":"center center","background-size":"auto","background-attachment":"scroll","background-type":"","background-media":"","overlay-type":"","overlay-color":"","overlay-opacity":"","overlay-gradient":""},"tablet":{"background-color":"","background-image":"","background-repeat":"repeat","background-position":"center center","background-size":"auto","background-attachment":"scroll","background-type":"","background-media":"","overlay-type":"","overlay-color":"","overlay-opacity":"","overlay-gradient":""},"mobile":{"background-color":"","background-image":"","background-repeat":"repeat","background-position":"center center","background-size":"auto","background-attachment":"scroll","background-type":"","background-media":"","overlay-type":"","overlay-color":"","overlay-opacity":"","overlay-gradient":""}},"ast-content-background-meta":{"desktop":{"background-color":"var(--ast-global-color-5)","background-image":"","background-repeat":"repeat","background-position":"center center","background-size":"auto","background-attachment":"scroll","background-type":"","background-media":"","overlay-type":"","overlay-color":"","overlay-opacity":"","overlay-gradient":""},"tablet":{"background-color":"var(--ast-global-color-5)","background-image":"","background-repeat":"repeat","background-position":"center center","background-size":"auto","background-attachment":"scroll","background-type":"","background-media":"","overlay-type":"","overlay-color":"","overlay-opacity":"","overlay-gradient":""},"mobile":{"background-color":"var(--ast-global-color-5)","background-image":"","background-repeat":"repeat","background-position":"center center","background-size":"auto","background-attachment":"scroll","background-type":"","background-media":"","overlay-type":"","overlay-color":"","overlay-opacity":"","overlay-gradient":""}},"footnotes":""},"class_list":["post-1927","page","type-page","status-publish","hentry"],"_links":{"self":[{"href":"https:\/\/luckymotosrl.com\/en\/wp-json\/wp\/v2\/pages\/1927","targetHints":{"allow":["GET"]}}],"collection":[{"href":"https:\/\/luckymotosrl.com\/en\/wp-json\/wp\/v2\/pages"}],"about":[{"href":"https:\/\/luckymotosrl.com\/en\/wp-json\/wp\/v2\/types\/page"}],"author":[{"embeddable":true,"href":"https:\/\/luckymotosrl.com\/en\/wp-json\/wp\/v2\/users\/1"}],"replies":[{"embeddable":true,"href":"https:\/\/luckymotosrl.com\/en\/wp-json\/wp\/v2\/comments?post=1927"}],"version-history":[{"count":6,"href":"https:\/\/luckymotosrl.com\/en\/wp-json\/wp\/v2\/pages\/1927\/revisions"}],"predecessor-version":[{"id":3071,"href":"https:\/\/luckymotosrl.com\/en\/wp-json\/wp\/v2\/pages\/1927\/revisions\/3071"}],"wp:attachment":[{"href":"https:\/\/luckymotosrl.com\/en\/wp-json\/wp\/v2\/media?parent=1927"}],"curies":[{"name":"wp","href":"https:\/\/api.w.org\/{rel}","templated":true}]}}